{"id":157,"date":"2020-07-23T21:09:37","date_gmt":"2020-07-23T18:09:37","guid":{"rendered":"http:\/\/www.xn--fni-snaa.fi\/?page_id=157"},"modified":"2025-10-06T17:25:19","modified_gmt":"2025-10-06T14:25:19","slug":"tietosuoja","status":"publish","type":"page","link":"https:\/\/www.xn--fni-snaa.fi\/en\/tietosuoja\/","title":{"rendered":"Privacy policy"},"content":{"rendered":"\t\t<div data-elementor-type=\"wp-page\" data-elementor-id=\"157\" class=\"elementor elementor-157\" data-elementor-post-type=\"page\">\n\t\t\t\t\t\t<section class=\"elementor-section elementor-top-section elementor-element elementor-element-7246e5fb elementor-section-boxed elementor-section-height-default elementor-section-height-default wpr-particle-no wpr-jarallax-no wpr-parallax-no wpr-sticky-section-no wpr-equal-height-no\" data-id=\"7246e5fb\" data-element_type=\"section\" data-e-type=\"section\">\n\t\t\t\t\t\t<div class=\"elementor-container elementor-column-gap-default\">\n\t\t\t\t\t<div class=\"elementor-column elementor-col-100 elementor-top-column elementor-element elementor-element-241ffcfa\" data-id=\"241ffcfa\" data-element_type=\"column\" data-e-type=\"column\">\n\t\t\t<div class=\"elementor-widget-wrap elementor-element-populated\">\n\t\t\t\t\t\t<div class=\"elementor-element elementor-element-7cfeb358 elementor-widget elementor-widget-text-editor\" data-id=\"7cfeb358\" data-element_type=\"widget\" data-e-type=\"widget\" data-widget_type=\"text-editor.default\">\n\t\t\t\t<div class=\"elementor-widget-container\">\n\t\t\t\t\t\t\t\t\t<p><\/p>\n<h1 class=\"wp-block-heading\">Lentotehdas Oy:n rekisteri- ja tietosuojaseloste<\/h1>\n<p>T\u00e4m\u00e4 on Lentotehdas Oy:n\u202fhenkil\u00f6tietolain (10 ja 24 \u00a7) ja EU:n yleisen tietosuoja-asetuksen (GDPR) mukainen rekisteri- ja tietosuojaseloste. Laadittu 25.4.2019<\/p>\n<p><strong>1.\u00a0Rekisterinpit\u00e4j\u00e4\u00a0ja yhteystiedot<\/strong><br \/>Lentotehdas Oy<br \/>2759914-8<br \/>Hermannin rantatie 9, PL 39<br \/>00580 Helsinki<br \/>+358 40 712 2044<br \/><strong><a href=\"mailto:info@lentotehdas.fi\">info@lentotehdas.fi<\/a><\/strong><\/p>\n<p><strong>2. Yhteyshenkil\u00f6 rekisteri\u00e4 koskevissa asioissa<\/strong><br \/>Lentotehdas Oy,\u00a0 Mauri V\u00e4ist\u00f6, +358 40 712 2044, <strong><a href=\"mailto:janne@lentotehdas.fi\">mauri@lentotehdas.fi<\/a><\/strong><\/p>\n<p><strong>3. Rekisterin nimi<br \/><\/strong>Lentotehdas Oy asiakas- ja uutiskirjerekisteri.<\/p>\n<p><strong>4. Henkil\u00f6tietojen k\u00e4sittelyn tarkoitus ja oikeusperusteet<br \/><\/strong><\/p>\n<p>Rekisterinpit\u00e4j\u00e4 Lentotehdas Oy k\u00e4sittelee henkil\u00f6tietoja noudattaen soveltuvaa tietosuojalains\u00e4\u00e4d\u00e4nt\u00f6\u00e4, mukaan lukien EU:n yleinen tietosuoja-asetus (2016\/679) sek\u00e4 tietosuojalaki (1050\/2018).<\/p>\n<p>Henkil\u00f6tietojen k\u00e4sittelyn tarkoituksia ovat:<\/p>\n<ul>\n<li>asiakassuhteen ja asiakaspalvelun hoitaminen<\/li>\n<li>hy\u00f6dyllisten kohdennettujen ja yksil\u00f6ityjen palveluiden tarjoaminen asiakkaille<\/li>\n<li>asiakkaan ja rekisterinpit\u00e4j\u00e4n oikeuksien ja velvollisuuksien toteuttaminen<\/li>\n<li>sidosryhmien (toimittajat, ty\u00f6nhakijat, muut yhteisty\u00f6tahot) henkil\u00f6tietojen k\u00e4sittely<\/li>\n<li>verkkosivuk\u00e4vij\u00f6iden tietojen k\u00e4sittely verkkosivujen toiminnallisuuden varmistamiseksi ja kehitt\u00e4miseksi<\/li>\n<li>henkil\u00f6tietojen k\u00e4sittely rekisterinpit\u00e4j\u00e4n tuotteisiin ja palveluihin liittyviin tarkoituksiin, kuten tuotteiden ja palveluiden kehitt\u00e4minen, tarjoaminen, toteuttaminen ja markkinointi<\/li>\n<li>Lis\u00e4ksi rekisteriin tallennettuja henkil\u00f6tietoja voidaan k\u00e4sitell\u00e4 tietosuojalains\u00e4\u00e4d\u00e4nn\u00f6n edellytysten mukaisesti rekisterinpit\u00e4j\u00e4n sidosryhm\u00e4viestint\u00e4\u00e4n, kuten uutiskirjeiden, s\u00e4hk\u00f6isten tiedotteiden ja s\u00e4hk\u00f6isen suoramarkkinoinnin l\u00e4hett\u00e4miseen liittyen.<\/li>\n<\/ul>\n<p>Henkil\u00f6tietojen k\u00e4sittelyn oikeusperusteita ovat henkil\u00f6tietojen k\u00e4sittelyn tarkoituksesta riippuen rekisterinpit\u00e4j\u00e4n lakis\u00e4\u00e4teiset velvoitteet, sopimus, suostumus ja rekisterinpit\u00e4j\u00e4n oikeutettu etu.<\/p>\n<p><strong>5. Rekisterin tietosis\u00e4lt\u00f6<br \/><\/strong>Asiakasrekisteri voi sis\u00e4lt\u00e4\u00e4 seuraavat tiedot asiakkaasta:<\/p>\n<p>henkil\u00f6n nimi, yhteystiedot (puhelinnumero, s\u00e4hk\u00f6postiosoite, osoite), syntym\u00e4vuosi, sukupuoli, asiakasnumero, verkkoyhteyden IP-osoite, ev\u00e4steet sivustolta, sijaintitietoja, tunnukset\/profiilit sosiaalisen median palveluissa, tiedot tilatuista palveluista ja niiden muutoksista, laskutustiedot, markkinointiviesteihin ja verkkosis\u00e4lt\u00f6ihin liittyv\u00e4t k\u00e4ytt\u00e4ytymistiedot sek\u00e4 tiedot tilatuista palveluista.<\/p>\n<p>Rekisteriin tallennettavat tiedot saadaan asiakkaalta mm. www-lomakkeilta, s\u00e4hk\u00f6postitse, puhelimitse, sosiaalisen median palvelujen kautta ja\/tai muussa yhteydenpidossa antamat tiedot.<\/p>\n<p>Lentotehdas Oy k\u00e4ytt\u00e4\u00e4 sivustoillaan ev\u00e4steit\u00e4 k\u00e4ytt\u00f6kokemuksen parantamiseksi. Ev\u00e4steet ovat pieni\u00e4, selaimen pyynn\u00f6st\u00e4 k\u00e4ytt\u00e4j\u00e4n tietokoneelle l\u00e4hetett\u00e4vi\u00e4 ja siell\u00e4 s\u00e4ilytett\u00e4vi\u00e4 tekstitiedostoja. Ev\u00e4steet voi kielt\u00e4\u00e4 s\u00e4\u00e4t\u00e4m\u00e4ll\u00e4 selaimen asetuksia.<\/p>\n<p>Sivustollamme k\u00e4ytet\u00e4\u00e4n Facebook-pikseli\u00e4, joka tarkoittaa k\u00e4yt\u00e4nn\u00f6ss\u00e4 sivuilla olevaa koodinp\u00e4tk\u00e4\u00e4, jonka avulla uudelleenmarkkinoidaan verkkosivua Facebookissa. Pikseli mahdollistaa mainoksien n\u00e4ytt\u00e4misen oikeille ihmisille ja kohderyhmien luomisen mainontaa varten.\u00a0Pikseli ei yksil\u00f6i k\u00e4vij\u00f6it\u00e4 henkil\u00f6in\u00e4 vaan k\u00e4vij\u00e4t pysyv\u00e4t anonyymein\u00e4 verkkopalvelun tuottajalle. Mittaamme pikselin avulla my\u00f6s Facebook mainonnan tehokkuutta. Lue lis\u00e4\u00e4 Facebook-pikselist\u00e4: https:\/\/fi-fi.facebook.com\/business\/help\/742478679120153.<\/p>\n<p><strong>6. S\u00e4\u00e4nn\u00f6nmukaiset tietol\u00e4hteet<br \/><\/strong>Rekisteriss\u00e4 oleva henkil\u00f6 on joko j\u00e4tt\u00e4nyt yhteystietonsa lomakkeella osoitteessa f\u00f6\u00f6ni.fi,\u00a0ostanut palveluja Lentotehdas Oy:n yritysmyynnin kautta, t\u00e4ytt\u00e4nyt k\u00e4sin lomakkeen tai muuten ilmaissut suostumuksensa rekisteriin lis\u00e4\u00e4miselle sek\u00e4 tietojen luovutukseen (ks. kohta 7). Yhteys- ja asiakastietoja voidaan ker\u00e4t\u00e4 my\u00f6s erilaisilla kilpailuilla ja markkinointikampanjoilla.<\/p>\n<p>Henkil\u00f6 voi milloin tahansa poistaa tietonsa uutiskirjerekisterist\u00e4 uutiskirjeess\u00e4 olevan linkin kautta tai laittamalla s\u00e4hk\u00f6postia osoitteeseen\u00a0<strong><a href=\"mailto:info@lentotehdas.fi\">info@lentotehdas.fi<\/a><\/strong>.<strong><br \/><\/strong><\/p>\n<p><strong>7. Tietojen s\u00e4\u00e4nn\u00f6nmukaiset luovutukset<br \/><\/strong>Tietoja ei luovuteta ulkopuolisille muutoin, kun se on tarpeen viestinn\u00e4n ja asiakaspalvelun onnistumiseksi ja t\u00e4ll\u00f6inkin henkil\u00f6tietolain edellytykset huomioiden.\u00a0Lentotehdas Oy:n ker\u00e4\u00e4mi\u00e4 henkil\u00f6tietoja voidaan luovuttaa Kiitsa Oy:lle. Kiitsa Oy toimittaa Lentotehdas Oy:n tiloissa kahvilabaarin palvelut sek\u00e4 catering-palvelut Lentotehdas Oy:n asiakkaille. Kiitsa Oy voi k\u00e4ytt\u00e4\u00e4 luovutettuja henkil\u00f6tietoja ainoastaan Lentotehdas Oy:n asiakkaiden palvelemiseksi. Lis\u00e4ksi Lentotehdas Oy:n\u00a0puolesta tietoja voi ker\u00e4t\u00e4 ja tietoja voidaan luovuttaa Avalon Oy:lle tai muulle markkinointitoimistolle. Markkinointitoimisto voi k\u00e4ytt\u00e4\u00e4 luovutettuja tai itse ker\u00e4ttyj\u00e4 tietoja ainoastaan Lentotehdas Oy:n viestinn\u00e4n hoitamisessa.<\/p>\n<p><strong>8. Tietojen siirto EU:n tai ETA:n ulkopuolelle<br \/><\/strong>Mahdolliset henkil\u00f6tietojen siirrot Euroopan unionin tai Euroopan talousalueen ulkopuolelle toteutetaan aina soveltuvaa tietosuojalains\u00e4\u00e4d\u00e4nt\u00f6\u00e4 noudattaen. F\u00f6\u00f6nin k\u00e4ytt\u00e4m\u00e4n MailChimp -j\u00e4rjestelm\u00e4n\u00a0Palvelin ja toimisto sijaitsevat Yhdysvalloissa, joten tietosi voidaan siirt\u00e4\u00e4 Yhdysvaltoihin tai niit\u00e4 voidaan s\u00e4ilytt\u00e4\u00e4 ja k\u00e4sitell\u00e4 siell\u00e4. MailChimp on sitoutunut noudattamaan asianmukaisia tietosuojas\u00e4\u00e4nn\u00f6ksi\u00e4 k\u00e4sitelless\u00e4\u00e4n henkil\u00f6tietoja. Lue lis\u00e4\u00e4 MailChimpin tietosuojasta t\u00e4\u00e4lt\u00e4: \u00a0<a href=\"https:\/\/mailchimp.com\/legal\/privacy\/\" rel=\"noopener\">https:\/\/mailchimp.com\/legal\/privacy\/<\/a><\/p>\n<p><strong>9. Henkil\u00f6tietojen s\u00e4ilytysaika<br \/><\/strong>Rekisterinpit\u00e4j\u00e4 k\u00e4sittelee ja s\u00e4ilytt\u00e4\u00e4 henkil\u00f6tietoja ainoastaan niin kauan kuin on tarpeellista henkil\u00f6tiedon ennalta m\u00e4\u00e4ritellyn k\u00e4ytt\u00f6tarkoituksen kannalta. Tarpeettomiksi muuttuneet henkil\u00f6tiedot, joita rekisterinpit\u00e4j\u00e4ll\u00e4 ei ole en\u00e4\u00e4 perustetta s\u00e4ilytt\u00e4\u00e4 eik\u00e4 k\u00e4sitell\u00e4, poistetaan s\u00e4\u00e4nn\u00f6llisin v\u00e4liajoin rekisterinpit\u00e4j\u00e4n omien tietosuojak\u00e4yt\u00e4nt\u00f6jen mukaisesti. Henkil\u00f6tiedot ovat muuttuneet tarpeettomiksi esimerkiksi silloin, kun suhde asiakas-, liike-, yhteisty\u00f6- tai sopimussuhde rekisterinpit\u00e4j\u00e4\u00e4n on p\u00e4\u00e4ttynyt, paitsi milloin lains\u00e4\u00e4d\u00e4nt\u00f6 vaatii henkil\u00f6tiedot s\u00e4ilytt\u00e4m\u00e4\u00e4n.<\/p>\n<p><strong>10. Rekisterin suojauksen periaatteet<br \/><\/strong>Rekisteritietoja k\u00e4sittelev\u00e4t henkil\u00f6t ovat salassapitovelvollisuuden alaisia ja perehdytettyj\u00e4 rekisterin k\u00e4ytt\u00e4miseksi.<\/p>\n<p>Yhteystiedot s\u00e4ilytet\u00e4\u00e4n Lentotehdas Oy:n CRM-j\u00e4rjestelm\u00e4ss\u00e4.<\/p>\n<p>Lentotehdas Oy:n tietoverkko ja laitteisto, jolla rekisteri sijaitsee, on suojattu palomuurilla ja muilla tarvittavilla teknisill\u00e4 toimenpiteill\u00e4.<\/p>\n<p>Rekisterinpit\u00e4j\u00e4 tarkastaa henkil\u00f6tietojen k\u00e4sittelytoimintonsa ja niiss\u00e4 k\u00e4ytett\u00e4v\u00e4t j\u00e4rjestelm\u00e4t ja laitteet s\u00e4\u00e4nn\u00f6llisin v\u00e4liajoin ja mm. arvioi henkil\u00f6tietojen k\u00e4sittelytoimintaan sis\u00e4ltyv\u00e4t riskit esimerkiksi uutta teknologiaa k\u00e4ytt\u00f6\u00f6notettaessa.<\/p>\n<p><strong>11. Rekister\u00f6idyn oikeudet<br \/><\/strong>Tiedot asiakkaasta voidaan poistaa Asiakkaan vaatimuksesta tai asiakassuhteen loppumisen vuoksi. Milloin henkil\u00f6tietojen k\u00e4sittely perustuu suostumukseen, rekister\u00f6idyll\u00e4 on oikeus peruuttaa suostumuksensa milloin tahansa. Pyynn\u00f6t tietojen poistamisesta ja oikeuksien k\u00e4ytt\u00e4misest\u00e4 tulee l\u00e4hett\u00e4\u00e4 kirjallisesti\u202frekisterinpit\u00e4j\u00e4lle osoitteeseen\u00a0<a href=\"mailto:info@lentotehdas.fi\"><strong>info@lentotehdas.fi<\/strong><\/a>.<\/p>\n<p>Rekisterinpit\u00e4j\u00e4 voi pyyt\u00e4\u00e4 tarvittaessa pyynn\u00f6n esitt\u00e4j\u00e4\u00e4 todistamaan henkil\u00f6llisyytens\u00e4. Rekisterinpit\u00e4j\u00e4 vastaa asiakkaalle EU:n tietosuoja-asetuksessa s\u00e4\u00e4detyss\u00e4 ajassa (p\u00e4\u00e4s\u00e4\u00e4nt\u00f6isesti kuukauden kuluessa).<\/p>\n<p>Asiakkaalla on oikeus kielt\u00e4\u00e4 tietojensa luovuttaminen ja k\u00e4sittely suoramainontaa ja muuta markkinointia varten. Rekister\u00f6idyll\u00e4 on seuraavat, tapauskohtaisesti sovellettavat oikeudet:<\/p>\n<p>[table id=1 \/]<\/p>\n<p><u>Oikeuksien k\u00e4ytt\u00e4minen<\/u><\/p>\n<p>Voit k\u00e4ytt\u00e4\u00e4 edell\u00e4 esiteltyj\u00e4 rekister\u00f6idyn oikeuksiasi ottamalla yhteytt\u00e4 rekisterinpit\u00e4j\u00e4\u00e4n l\u00e4hett\u00e4m\u00e4ll\u00e4 s\u00e4hk\u00f6postin osoitteeseen info@lentotehdas.fi. Pyrimme vastaamaan sinulle mahdollisimman pikaisesti ja annamme tarvittaessa lis\u00e4ohjeita tai esit\u00e4mme lis\u00e4kysymyksi\u00e4 pyynt\u00f6si johdosta.<\/p>\n<p>Pyyd\u00e4mme huomioimaan, ett\u00e4 ennen pyynn\u00f6n toteuttamista meill\u00e4 on oikeus ja velvollisuus varmentua henkil\u00f6llisyydest\u00e4si, josta johtuen meid\u00e4n on kyett\u00e4v\u00e4 tunnistamaan sinut riitt\u00e4v\u00e4ll\u00e4 tavalla.<\/p>\n<p>Jos pyynt\u00f6si on ilmeisen perusteeton tai kohtuuton, voimme joko peri\u00e4 hallinnollisiin kustannuksiin perustuvan kohtuullisen maksun pyynn\u00f6n toteuttamisesta tai kielt\u00e4yty\u00e4 suorittamasta pyydetty\u00e4 toimea.<\/p>\n<p><strong>12. Lis\u00e4tiedot<br \/><\/strong>Mik\u00e4li sinulla on kysytt\u00e4v\u00e4\u00e4 liittyen rekisterinpit\u00e4j\u00e4n suorittamaan henkil\u00f6tietojen k\u00e4sittelyyn, pyyd\u00e4mme sinua ottamaan meihin yhteytt\u00e4 t\u00e4m\u00e4n tietosuojaselosteen alussa ilmoitetuilla yhteydenottotavoilla.<\/p>\n<p>Tietosuojaseloste on viimeksi p\u00e4ivitetty 25.4.2019.<\/p>\n<p><\/p>\t\t\t\t\t\t\t\t<\/div>\n\t\t\t\t<\/div>\n\t\t\t\t\t<\/div>\n\t\t<\/div>\n\t\t\t\t\t<\/div>\n\t\t<\/section>\n\t\t\t\t<\/div>\n\t\t","protected":false},"excerpt":{"rendered":"<p>Lentotehdas Oy:n rekisteri- ja tietosuojaseloste T\u00e4m\u00e4 on Lentotehdas Oy:n\u202fhenkil\u00f6tietolain (10 ja 24 \u00a7) ja EU:n yleisen tietosuoja-asetuksen (GDPR) mukainen rekisteri- ja tietosuojaseloste. Laadittu 25.4.2019 1.\u00a0Rekisterinpit\u00e4j\u00e4\u00a0ja yhteystiedotLentotehdas Oy2759914-8Hermannin rantatie 9, PL 3900580 Helsinki+358 40 712 2044info@lentotehdas.fi 2. Yhteyshenkil\u00f6 rekisteri\u00e4 koskevissa asioissaLentotehdas Oy,\u00a0 Mauri V\u00e4ist\u00f6, +358 40 712 2044, mauri@lentotehdas.fi 3. Rekisterin nimiLentotehdas Oy asiakas- ja uutiskirjerekisteri. 4. Henkil\u00f6tietojen k\u00e4sittelyn tarkoitus ja oikeusperusteet Rekisterinpit\u00e4j\u00e4 Lentotehdas Oy k\u00e4sittelee henkil\u00f6tietoja noudattaen soveltuvaa tietosuojalains\u00e4\u00e4d\u00e4nt\u00f6\u00e4, mukaan lukien EU:n yleinen tietosuoja-asetus (2016\/679) sek\u00e4 tietosuojalaki (1050\/2018). Henkil\u00f6tietojen k\u00e4sittelyn tarkoituksia ovat: asiakassuhteen ja asiakaspalvelun hoitaminen hy\u00f6dyllisten kohdennettujen ja yksil\u00f6ityjen palveluiden tarjoaminen asiakkaille asiakkaan ja rekisterinpit\u00e4j\u00e4n oikeuksien ja velvollisuuksien toteuttaminen sidosryhmien (toimittajat, ty\u00f6nhakijat, muut yhteisty\u00f6tahot) henkil\u00f6tietojen k\u00e4sittely verkkosivuk\u00e4vij\u00f6iden tietojen k\u00e4sittely verkkosivujen toiminnallisuuden varmistamiseksi ja kehitt\u00e4miseksi henkil\u00f6tietojen k\u00e4sittely rekisterinpit\u00e4j\u00e4n tuotteisiin ja palveluihin liittyviin tarkoituksiin, kuten tuotteiden ja palveluiden kehitt\u00e4minen, tarjoaminen, toteuttaminen ja markkinointi Lis\u00e4ksi rekisteriin tallennettuja henkil\u00f6tietoja voidaan k\u00e4sitell\u00e4 tietosuojalains\u00e4\u00e4d\u00e4nn\u00f6n edellytysten mukaisesti rekisterinpit\u00e4j\u00e4n sidosryhm\u00e4viestint\u00e4\u00e4n, kuten uutiskirjeiden, s\u00e4hk\u00f6isten tiedotteiden ja s\u00e4hk\u00f6isen suoramarkkinoinnin l\u00e4hett\u00e4miseen liittyen. Henkil\u00f6tietojen k\u00e4sittelyn oikeusperusteita ovat henkil\u00f6tietojen k\u00e4sittelyn tarkoituksesta riippuen rekisterinpit\u00e4j\u00e4n lakis\u00e4\u00e4teiset velvoitteet, sopimus, suostumus ja rekisterinpit\u00e4j\u00e4n oikeutettu etu. 5. Rekisterin tietosis\u00e4lt\u00f6Asiakasrekisteri voi sis\u00e4lt\u00e4\u00e4 seuraavat tiedot asiakkaasta: henkil\u00f6n nimi, yhteystiedot (puhelinnumero, s\u00e4hk\u00f6postiosoite, osoite), syntym\u00e4vuosi, sukupuoli, asiakasnumero, verkkoyhteyden IP-osoite, ev\u00e4steet sivustolta, sijaintitietoja, tunnukset\/profiilit sosiaalisen median palveluissa, tiedot tilatuista palveluista ja niiden muutoksista, laskutustiedot, markkinointiviesteihin ja verkkosis\u00e4lt\u00f6ihin liittyv\u00e4t k\u00e4ytt\u00e4ytymistiedot sek\u00e4 tiedot tilatuista palveluista. Rekisteriin tallennettavat tiedot saadaan asiakkaalta mm. www-lomakkeilta, s\u00e4hk\u00f6postitse, puhelimitse, sosiaalisen median palvelujen kautta ja\/tai muussa yhteydenpidossa antamat tiedot. Lentotehdas Oy k\u00e4ytt\u00e4\u00e4 sivustoillaan ev\u00e4steit\u00e4 k\u00e4ytt\u00f6kokemuksen parantamiseksi. Ev\u00e4steet ovat pieni\u00e4, selaimen pyynn\u00f6st\u00e4 k\u00e4ytt\u00e4j\u00e4n tietokoneelle l\u00e4hetett\u00e4vi\u00e4 ja siell\u00e4 s\u00e4ilytett\u00e4vi\u00e4 tekstitiedostoja. Ev\u00e4steet voi kielt\u00e4\u00e4 s\u00e4\u00e4t\u00e4m\u00e4ll\u00e4 selaimen asetuksia. Sivustollamme k\u00e4ytet\u00e4\u00e4n Facebook-pikseli\u00e4, joka tarkoittaa k\u00e4yt\u00e4nn\u00f6ss\u00e4 sivuilla olevaa koodinp\u00e4tk\u00e4\u00e4, jonka avulla uudelleenmarkkinoidaan verkkosivua Facebookissa. Pikseli mahdollistaa mainoksien n\u00e4ytt\u00e4misen oikeille ihmisille ja kohderyhmien luomisen mainontaa varten.\u00a0Pikseli ei yksil\u00f6i k\u00e4vij\u00f6it\u00e4 henkil\u00f6in\u00e4 vaan k\u00e4vij\u00e4t pysyv\u00e4t anonyymein\u00e4 verkkopalvelun tuottajalle. Mittaamme pikselin avulla my\u00f6s Facebook mainonnan tehokkuutta. Lue lis\u00e4\u00e4 Facebook-pikselist\u00e4: https:\/\/fi-fi.facebook.com\/business\/help\/742478679120153. 6. S\u00e4\u00e4nn\u00f6nmukaiset tietol\u00e4hteetRekisteriss\u00e4 oleva henkil\u00f6 on joko j\u00e4tt\u00e4nyt yhteystietonsa lomakkeella osoitteessa f\u00f6\u00f6ni.fi,\u00a0ostanut palveluja Lentotehdas Oy:n yritysmyynnin kautta, t\u00e4ytt\u00e4nyt k\u00e4sin lomakkeen tai muuten ilmaissut suostumuksensa rekisteriin lis\u00e4\u00e4miselle sek\u00e4 tietojen luovutukseen (ks. kohta 7). Yhteys- ja asiakastietoja voidaan ker\u00e4t\u00e4 my\u00f6s erilaisilla kilpailuilla ja markkinointikampanjoilla. Henkil\u00f6 voi milloin tahansa poistaa tietonsa uutiskirjerekisterist\u00e4 uutiskirjeess\u00e4 olevan linkin kautta tai laittamalla s\u00e4hk\u00f6postia osoitteeseen\u00a0info@lentotehdas.fi. 7. Tietojen s\u00e4\u00e4nn\u00f6nmukaiset luovutuksetTietoja ei luovuteta ulkopuolisille muutoin, kun se on tarpeen viestinn\u00e4n ja asiakaspalvelun onnistumiseksi ja t\u00e4ll\u00f6inkin henkil\u00f6tietolain edellytykset huomioiden.\u00a0Lentotehdas Oy:n ker\u00e4\u00e4mi\u00e4 henkil\u00f6tietoja voidaan luovuttaa Kiitsa Oy:lle. Kiitsa Oy toimittaa Lentotehdas Oy:n tiloissa kahvilabaarin palvelut sek\u00e4 catering-palvelut Lentotehdas Oy:n asiakkaille. Kiitsa Oy voi k\u00e4ytt\u00e4\u00e4 luovutettuja henkil\u00f6tietoja ainoastaan Lentotehdas Oy:n asiakkaiden palvelemiseksi. Lis\u00e4ksi Lentotehdas Oy:n\u00a0puolesta tietoja voi ker\u00e4t\u00e4 ja tietoja voidaan luovuttaa Avalon Oy:lle tai muulle markkinointitoimistolle. Markkinointitoimisto voi k\u00e4ytt\u00e4\u00e4 luovutettuja tai itse ker\u00e4ttyj\u00e4 tietoja ainoastaan Lentotehdas Oy:n viestinn\u00e4n hoitamisessa. 8. Tietojen siirto EU:n tai ETA:n ulkopuolelleMahdolliset henkil\u00f6tietojen siirrot Euroopan unionin tai Euroopan talousalueen ulkopuolelle toteutetaan aina soveltuvaa tietosuojalains\u00e4\u00e4d\u00e4nt\u00f6\u00e4 noudattaen. F\u00f6\u00f6nin k\u00e4ytt\u00e4m\u00e4n MailChimp -j\u00e4rjestelm\u00e4n\u00a0Palvelin ja toimisto sijaitsevat Yhdysvalloissa, joten tietosi voidaan siirt\u00e4\u00e4 Yhdysvaltoihin tai niit\u00e4 voidaan s\u00e4ilytt\u00e4\u00e4 ja k\u00e4sitell\u00e4 siell\u00e4. MailChimp on sitoutunut noudattamaan asianmukaisia tietosuojas\u00e4\u00e4nn\u00f6ksi\u00e4 k\u00e4sitelless\u00e4\u00e4n henkil\u00f6tietoja. Lue lis\u00e4\u00e4 MailChimpin tietosuojasta t\u00e4\u00e4lt\u00e4: \u00a0https:\/\/mailchimp.com\/legal\/privacy\/ 9. Henkil\u00f6tietojen s\u00e4ilytysaikaRekisterinpit\u00e4j\u00e4 k\u00e4sittelee ja s\u00e4ilytt\u00e4\u00e4 henkil\u00f6tietoja ainoastaan niin kauan kuin on tarpeellista henkil\u00f6tiedon ennalta m\u00e4\u00e4ritellyn k\u00e4ytt\u00f6tarkoituksen kannalta. Tarpeettomiksi muuttuneet henkil\u00f6tiedot, joita rekisterinpit\u00e4j\u00e4ll\u00e4 ei ole en\u00e4\u00e4 perustetta s\u00e4ilytt\u00e4\u00e4 eik\u00e4 k\u00e4sitell\u00e4, poistetaan s\u00e4\u00e4nn\u00f6llisin v\u00e4liajoin rekisterinpit\u00e4j\u00e4n omien tietosuojak\u00e4yt\u00e4nt\u00f6jen mukaisesti. Henkil\u00f6tiedot ovat muuttuneet tarpeettomiksi esimerkiksi silloin, kun suhde asiakas-, liike-, yhteisty\u00f6- tai sopimussuhde rekisterinpit\u00e4j\u00e4\u00e4n on p\u00e4\u00e4ttynyt, paitsi milloin lains\u00e4\u00e4d\u00e4nt\u00f6 vaatii henkil\u00f6tiedot s\u00e4ilytt\u00e4m\u00e4\u00e4n. 10. Rekisterin suojauksen periaatteetRekisteritietoja k\u00e4sittelev\u00e4t henkil\u00f6t ovat salassapitovelvollisuuden alaisia ja perehdytettyj\u00e4 rekisterin k\u00e4ytt\u00e4miseksi. Yhteystiedot s\u00e4ilytet\u00e4\u00e4n Lentotehdas Oy:n CRM-j\u00e4rjestelm\u00e4ss\u00e4. Lentotehdas Oy:n tietoverkko ja laitteisto, jolla rekisteri sijaitsee, on suojattu palomuurilla ja muilla tarvittavilla teknisill\u00e4 toimenpiteill\u00e4. Rekisterinpit\u00e4j\u00e4 tarkastaa henkil\u00f6tietojen k\u00e4sittelytoimintonsa ja niiss\u00e4 k\u00e4ytett\u00e4v\u00e4t j\u00e4rjestelm\u00e4t ja laitteet s\u00e4\u00e4nn\u00f6llisin v\u00e4liajoin ja mm. arvioi henkil\u00f6tietojen k\u00e4sittelytoimintaan sis\u00e4ltyv\u00e4t riskit esimerkiksi uutta teknologiaa k\u00e4ytt\u00f6\u00f6notettaessa. 11. Rekister\u00f6idyn oikeudetTiedot asiakkaasta voidaan poistaa Asiakkaan vaatimuksesta tai asiakassuhteen loppumisen vuoksi. Milloin henkil\u00f6tietojen k\u00e4sittely perustuu suostumukseen, rekister\u00f6idyll\u00e4 on oikeus peruuttaa suostumuksensa milloin tahansa. Pyynn\u00f6t tietojen poistamisesta ja oikeuksien k\u00e4ytt\u00e4misest\u00e4 tulee l\u00e4hett\u00e4\u00e4 kirjallisesti\u202frekisterinpit\u00e4j\u00e4lle osoitteeseen\u00a0info@lentotehdas.fi. Rekisterinpit\u00e4j\u00e4 voi pyyt\u00e4\u00e4 tarvittaessa pyynn\u00f6n esitt\u00e4j\u00e4\u00e4 todistamaan henkil\u00f6llisyytens\u00e4. Rekisterinpit\u00e4j\u00e4 vastaa asiakkaalle EU:n tietosuoja-asetuksessa s\u00e4\u00e4detyss\u00e4 ajassa (p\u00e4\u00e4s\u00e4\u00e4nt\u00f6isesti kuukauden kuluessa). Asiakkaalla on oikeus kielt\u00e4\u00e4 tietojensa luovuttaminen ja k\u00e4sittely suoramainontaa ja muuta markkinointia varten. Rekister\u00f6idyll\u00e4 on seuraavat, tapauskohtaisesti sovellettavat oikeudet: [table id=1 \/] Oikeuksien k\u00e4ytt\u00e4minen Voit k\u00e4ytt\u00e4\u00e4 edell\u00e4 esiteltyj\u00e4 rekister\u00f6idyn oikeuksiasi ottamalla yhteytt\u00e4 rekisterinpit\u00e4j\u00e4\u00e4n l\u00e4hett\u00e4m\u00e4ll\u00e4 s\u00e4hk\u00f6postin osoitteeseen info@lentotehdas.fi. Pyrimme vastaamaan sinulle mahdollisimman pikaisesti ja annamme tarvittaessa lis\u00e4ohjeita tai esit\u00e4mme lis\u00e4kysymyksi\u00e4 pyynt\u00f6si johdosta. Pyyd\u00e4mme huomioimaan, ett\u00e4 ennen pyynn\u00f6n toteuttamista meill\u00e4 on oikeus ja velvollisuus varmentua henkil\u00f6llisyydest\u00e4si, josta johtuen meid\u00e4n on kyett\u00e4v\u00e4 tunnistamaan sinut riitt\u00e4v\u00e4ll\u00e4 tavalla. Jos pyynt\u00f6si on ilmeisen perusteeton tai kohtuuton, voimme joko peri\u00e4 hallinnollisiin kustannuksiin perustuvan kohtuullisen maksun pyynn\u00f6n toteuttamisesta tai kielt\u00e4yty\u00e4 suorittamasta pyydetty\u00e4 toimea. 12. Lis\u00e4tiedotMik\u00e4li sinulla on kysytt\u00e4v\u00e4\u00e4 liittyen rekisterinpit\u00e4j\u00e4n suorittamaan henkil\u00f6tietojen k\u00e4sittelyyn, pyyd\u00e4mme sinua ottamaan meihin yhteytt\u00e4 t\u00e4m\u00e4n tietosuojaselosteen alussa ilmoitetuilla yhteydenottotavoilla. Tietosuojaseloste on viimeksi p\u00e4ivitetty 25.4.2019.<\/p>\n","protected":false},"author":1,"featured_media":0,"parent":0,"menu_order":0,"comment_status":"closed","ping_status":"closed","template":"elementor_header_footer","meta":{"_price":"","_stock":"","_tribe_ticket_header":"","_tribe_default_ticket_provider":"","_tribe_ticket_capacity":"0","_ticket_start_date":"","_ticket_end_date":"","_tribe_ticket_show_description":"","_tribe_ticket_show_not_going":false,"_tribe_ticket_use_global_stock":"","_tribe_ticket_global_stock_level":"","_global_stock_mode":"","_global_stock_cap":"","_tribe_rsvp_for_event":"","_tribe_ticket_going_count":"","_tribe_ticket_not_going_count":"","_tribe_tickets_list":"[]","_tribe_ticket_has_attendee_info_fields":false,"footnotes":""},"class_list":["post-157","page","type-page","status-publish","hentry"],"acf":[],"_links":{"self":[{"href":"https:\/\/www.xn--fni-snaa.fi\/en\/wp-json\/wp\/v2\/pages\/157","targetHints":{"allow":["GET"]}}],"collection":[{"href":"https:\/\/www.xn--fni-snaa.fi\/en\/wp-json\/wp\/v2\/pages"}],"about":[{"href":"https:\/\/www.xn--fni-snaa.fi\/en\/wp-json\/wp\/v2\/types\/page"}],"author":[{"embeddable":true,"href":"https:\/\/www.xn--fni-snaa.fi\/en\/wp-json\/wp\/v2\/users\/1"}],"replies":[{"embeddable":true,"href":"https:\/\/www.xn--fni-snaa.fi\/en\/wp-json\/wp\/v2\/comments?post=157"}],"version-history":[{"count":0,"href":"https:\/\/www.xn--fni-snaa.fi\/en\/wp-json\/wp\/v2\/pages\/157\/revisions"}],"wp:attachment":[{"href":"https:\/\/www.xn--fni-snaa.fi\/en\/wp-json\/wp\/v2\/media?parent=157"}],"curies":[{"name":"wp","href":"https:\/\/api.w.org\/{rel}","templated":true}]}}