{"id":27,"date":"2020-07-22T22:30:24","date_gmt":"2020-07-22T19:30:24","guid":{"rendered":"http:\/\/www.xn--fni-snaa.fi\/?page_id=27"},"modified":"2025-10-29T16:30:56","modified_gmt":"2025-10-29T14:30:56","slug":"meista","status":"publish","type":"page","link":"https:\/\/www.xn--fni-snaa.fi\/en\/info\/meista\/","title":{"rendered":"About us"},"content":{"rendered":"<div data-elementor-type=\"wp-page\" data-elementor-id=\"27\" class=\"elementor elementor-27\" data-elementor-post-type=\"page\">\n\t\t\t\t<div class=\"elementor-element elementor-element-f851710 e-flex e-con-boxed wpr-particle-no wpr-jarallax-no wpr-parallax-no wpr-sticky-section-no wpr-equal-height-no e-con e-parent\" data-id=\"f851710\" data-element_type=\"container\" data-e-type=\"container\" data-settings=\"{&quot;background_background&quot;:&quot;classic&quot;}\">\n\t\t\t\t\t<div class=\"e-con-inner\">\n\t\t\t\t\t<\/div>\n\t\t\t\t<\/div>\n\t\t<div class=\"elementor-element elementor-element-d0f3230 e-flex e-con-boxed wpr-particle-no wpr-jarallax-no wpr-parallax-no wpr-sticky-section-no wpr-equal-height-no e-con e-parent\" data-id=\"d0f3230\" data-element_type=\"container\" data-e-type=\"container\">\n\t\t\t\t\t<div class=\"e-con-inner\">\n\t\t\t\t<div class=\"elementor-element elementor-element-c13d574 elementor-widget elementor-widget-heading\" data-id=\"c13d574\" data-element_type=\"widget\" data-e-type=\"widget\" data-widget_type=\"heading.default\">\n\t\t\t\t<div class=\"elementor-widget-container\">\n\t\t\t\t\t<h2 class=\"elementor-heading-title elementor-size-default\">AN EXPERIENCE YOU WON'T SOON FORGET<\/h2>\t\t\t\t<\/div>\n\t\t\t\t<\/div>\n\t\t\t\t<div class=\"elementor-element elementor-element-9cda35d elementor-widget elementor-widget-text-editor\" data-id=\"9cda35d\" data-element_type=\"widget\" data-e-type=\"widget\" data-widget_type=\"text-editor.default\">\n\t\t\t\t<div class=\"elementor-widget-container\">\n\t\t\t\t\t\t\t\t\t<p>We think that everyone should be able to fly. That\u2019s why we founded the most urban free flight wind tunnel in the world. Seeing the smiles and excitement brought by new experiences never gets boring, and that\u2019s what keeps us going even today. At F\u00f6\u00f6ni, we want to create unforgettable experiences for everyone. We also want to provide a casual and communal spot to practice wind tunnel flying and take the sport to the next level. Because our planet is important to us, we have chosen to use clean wind power as our energy source. In addition to flying, our spaces are great for hosting events. Even then, experiences are at the core of what we do! Our own\u00a0<a href=\"https:\/\/f\u00f6\u00f6ni.fi\/baari\/\" rel=\"noopener\">bar &amp; cafe<\/a> provides food and catering services for our clients with great passion and expertise.<\/p>\t\t\t\t\t\t\t\t<\/div>\n\t\t\t\t<\/div>\n\t\t\t\t<div class=\"elementor-element elementor-element-dab4372 elementor-widget elementor-widget-spacer\" data-id=\"dab4372\" data-element_type=\"widget\" data-e-type=\"widget\" data-widget_type=\"spacer.default\">\n\t\t\t\t<div class=\"elementor-widget-container\">\n\t\t\t\t\t\t\t<div class=\"elementor-spacer\">\n\t\t\t<div class=\"elementor-spacer-inner\"><\/div>\n\t\t<\/div>\n\t\t\t\t\t\t<\/div>\n\t\t\t\t<\/div>\n\t\t\t\t<div class=\"elementor-element elementor-element-af78c7e elementor-widget elementor-widget-heading\" data-id=\"af78c7e\" data-element_type=\"widget\" data-e-type=\"widget\" data-widget_type=\"heading.default\">\n\t\t\t\t<div class=\"elementor-widget-container\">\n\t\t\t\t\t<h2 class=\"elementor-heading-title elementor-size-default\">Meet our instructors<\/h2>\t\t\t\t<\/div>\n\t\t\t\t<\/div>\n\t\t<div class=\"elementor-element elementor-element-7fe69b7 e-flex e-con-boxed wpr-particle-no wpr-jarallax-no wpr-parallax-no wpr-sticky-section-no wpr-equal-height-no e-con e-child\" data-id=\"7fe69b7\" data-element_type=\"container\" data-e-type=\"container\">\n\t\t\t\t\t<div class=\"e-con-inner\">\n\t\t\t\t\t<\/div>\n\t\t\t\t<\/div>\n\t\t\t\t<div class=\"elementor-element elementor-element-3b3cf11 elementor-widget elementor-widget-heading\" data-id=\"3b3cf11\" data-element_type=\"widget\" data-e-type=\"widget\" data-widget_type=\"heading.default\">\n\t\t\t\t<div class=\"elementor-widget-container\">\n\t\t\t\t\t<h2 class=\"elementor-heading-title elementor-size-default\">Rest of the f\u00f6\u00f6ni team<\/h2>\t\t\t\t<\/div>\n\t\t\t\t<\/div>\n\t\t\t\t<div class=\"elementor-element elementor-element-833f235 elementor-widget elementor-widget-spacer\" data-id=\"833f235\" data-element_type=\"widget\" data-e-type=\"widget\" data-widget_type=\"spacer.default\">\n\t\t\t\t<div class=\"elementor-widget-container\">\n\t\t\t\t\t\t\t<div class=\"elementor-spacer\">\n\t\t\t<div class=\"elementor-spacer-inner\"><\/div>\n\t\t<\/div>\n\t\t\t\t\t\t<\/div>\n\t\t\t\t<\/div>\n\t\t<div class=\"elementor-element elementor-element-f7c445b e-con-full e-flex wpr-particle-no wpr-jarallax-no wpr-parallax-no wpr-sticky-section-no wpr-equal-height-no e-con e-child\" data-id=\"f7c445b\" data-element_type=\"container\" data-e-type=\"container\">\n\t\t\t\t<\/div>\n\t\t\t\t<div class=\"elementor-element elementor-element-3631fb2 elementor-widget elementor-widget-heading\" data-id=\"3631fb2\" data-element_type=\"widget\" data-e-type=\"widget\" data-widget_type=\"heading.default\">\n\t\t\t\t<div class=\"elementor-widget-container\">\n\t\t\t\t\t<h1 class=\"elementor-heading-title elementor-size-default\">our values:\n-respecting every individual\n-ensuring customer safety\n-reliable service<br>- yhteiskuntavastuu\n<\/h1>\t\t\t\t<\/div>\n\t\t\t\t<\/div>\n\t\t<div class=\"elementor-element elementor-element-1a77a42 e-flex e-con-boxed wpr-particle-no wpr-jarallax-no wpr-parallax-no wpr-sticky-section-no wpr-equal-height-no e-con e-child\" data-id=\"1a77a42\" data-element_type=\"container\" data-e-type=\"container\">\n\t\t\t\t\t<div class=\"e-con-inner\">\n\t\t\t\t<div class=\"elementor-element elementor-element-1bdc229 elementor-widget elementor-widget-image\" data-id=\"1bdc229\" data-element_type=\"widget\" data-e-type=\"widget\" data-widget_type=\"image.default\">\n\t\t\t\t<div class=\"elementor-widget-container\">\n\t\t\t\t\t\t\t\t\t\t\t\t\t\t\t\t<a href=\"https:\/\/www.veripalvelu.fi\/\" rel=\"noopener\">\n\t\t\t\t\t\t\t<img loading=\"lazy\" decoding=\"async\" width=\"389\" height=\"674\" src=\"https:\/\/www.xn--fni-snaa.fi\/wp-content\/uploads\/2025\/10\/Screenshot-2025-10-23-171034.png\" class=\"attachment-large size-large wp-image-7625\" alt=\"\" srcset=\"https:\/\/www.xn--fni-snaa.fi\/wp-content\/uploads\/2025\/10\/Screenshot-2025-10-23-171034.png 389w, https:\/\/www.xn--fni-snaa.fi\/wp-content\/uploads\/2025\/10\/Screenshot-2025-10-23-171034-173x300.png 173w, https:\/\/www.xn--fni-snaa.fi\/wp-content\/uploads\/2025\/10\/Screenshot-2025-10-23-171034-7x12.png 7w\" sizes=\"auto, (max-width: 389px) 100vw, 389px\" \/>\t\t\t\t\t\t\t\t<\/a>\n\t\t\t\t\t\t\t\t\t\t\t\t\t\t\t<\/div>\n\t\t\t\t<\/div>\n\t\t\t\t<div class=\"elementor-element elementor-element-19654bd elementor-widget elementor-widget-image\" data-id=\"19654bd\" data-element_type=\"widget\" data-e-type=\"widget\" data-widget_type=\"image.default\">\n\t\t\t\t<div class=\"elementor-widget-container\">\n\t\t\t\t\t\t\t\t\t\t\t\t\t\t\t\t<a href=\"https:\/\/www.redi.fi\/\" rel=\"noopener\">\n\t\t\t\t\t\t\t<img loading=\"lazy\" decoding=\"async\" width=\"254\" height=\"59\" src=\"https:\/\/www.xn--fni-snaa.fi\/wp-content\/uploads\/2020\/08\/redifixed.png\" class=\"attachment-large size-large wp-image-408\" alt=\"Redi\" \/>\t\t\t\t\t\t\t\t<\/a>\n\t\t\t\t\t\t\t\t\t\t\t\t\t\t\t<\/div>\n\t\t\t\t<\/div>\n\t\t\t\t<div class=\"elementor-element elementor-element-554acef elementor-widget elementor-widget-image\" data-id=\"554acef\" data-element_type=\"widget\" data-e-type=\"widget\" data-widget_type=\"image.default\">\n\t\t\t\t<div class=\"elementor-widget-container\">\n\t\t\t\t\t\t\t\t\t\t\t\t\t\t\t\t<a href=\"https:\/\/www.nordea.fi\/\" rel=\"noopener\">\n\t\t\t\t\t\t\t<img loading=\"lazy\" decoding=\"async\" width=\"202\" height=\"44\" src=\"https:\/\/www.xn--fni-snaa.fi\/wp-content\/uploads\/2020\/08\/nordeafixed.png\" class=\"attachment-large size-large wp-image-409\" alt=\"Nordea\" \/>\t\t\t\t\t\t\t\t<\/a>\n\t\t\t\t\t\t\t\t\t\t\t\t\t\t\t<\/div>\n\t\t\t\t<\/div>\n\t\t\t\t<div class=\"elementor-element elementor-element-be30980 elementor-widget elementor-widget-image\" data-id=\"be30980\" data-element_type=\"widget\" data-e-type=\"widget\" data-widget_type=\"image.default\">\n\t\t\t\t<div class=\"elementor-widget-container\">\n\t\t\t\t\t\t\t\t\t\t\t\t\t\t\t\t<a href=\"https:\/\/www.isg-group.de\/\" rel=\"noopener\">\n\t\t\t\t\t\t\t<img loading=\"lazy\" decoding=\"async\" width=\"262\" height=\"69\" src=\"https:\/\/www.xn--fni-snaa.fi\/wp-content\/uploads\/2020\/08\/isg_logofixed.png\" class=\"attachment-large size-large wp-image-411\" alt=\"\" \/>\t\t\t\t\t\t\t\t<\/a>\n\t\t\t\t\t\t\t\t\t\t\t\t\t\t\t<\/div>\n\t\t\t\t<\/div>\n\t\t\t\t<div class=\"elementor-element elementor-element-ef97c54 elementor-widget elementor-widget-image\" data-id=\"ef97c54\" data-element_type=\"widget\" data-e-type=\"widget\" data-widget_type=\"image.default\">\n\t\t\t\t<div class=\"elementor-widget-container\">\n\t\t\t\t\t\t\t\t\t\t\t\t\t\t\t\t<a href=\"https:\/\/indoorskydivingsource.com\/tunnels\/fooni\/\" rel=\"noopener\">\n\t\t\t\t\t\t\t<img decoding=\"async\" src=\"https:\/\/www.xn--fni-snaa.fi\/wp-content\/uploads\/elementor\/thumbs\/iss-partner-4-q1f3kgbv5s0y6h1s5qtlamny5n7hhr86jp577i3itc.png\" title=\"iss-partner-4\" alt=\"iss-partner-4\" loading=\"lazy\" \/>\t\t\t\t\t\t\t\t<\/a>\n\t\t\t\t\t\t\t\t\t\t\t\t\t\t\t<\/div>\n\t\t\t\t<\/div>\n\t\t\t\t\t<\/div>\n\t\t\t\t<\/div>\n\t\t\t\t\t<\/div>\n\t\t\t\t<\/div>\n\t\t\t\t<\/div>","protected":false},"excerpt":{"rendered":"<p>EL\u00c4MYS, JOTA ET UNOHDA Olemme sit\u00e4 mielt\u00e4, ett\u00e4 lent\u00e4misen pit\u00e4isi olla kaikille mahdollista ja siksi perustimme maailman urbaaneimman vapaalentotunnelin. Uuden el\u00e4myksen tuoma innostus ja hymy on joka kerta yht\u00e4 upeaa ja pit\u00e4\u00e4 meid\u00e4t k\u00e4ynniss\u00e4 t\u00e4n\u00e4kin p\u00e4iv\u00e4n\u00e4. Haluammekin tarjota F\u00f6\u00f6nill\u00e4 unohtumattoman el\u00e4myksen kaikille ja mahdollistaa rennon ja yhteis\u00f6llisen paikan vapaalent\u00e4misen harrastamiseen sek\u00e4 lajin eteenp\u00e4in viemiseen. Koska planeettamme on meille t\u00e4rke\u00e4, olemme valinneet energial\u00e4hteeksemme puhtaan tuulienergian. Tilamme taipuvat lent\u00e4misen ohessa my\u00f6s erilaisten tapahtumien j\u00e4rjest\u00e4miseen ja el\u00e4myksellisyys on meille silloinkin t\u00e4rke\u00e4\u00e4! Tunnelimme ymp\u00e4rille sijoittuva\u00a0bar &amp; cafe palveleekin asiakkaitamme catering- ja ruoka-asioissa suurella intohimolla ja ammattitaidolla. tutustu ohjaajiimme LASSI Instructor Jokap\u00e4iv\u00e4isen lenn\u00e4tt\u00e4misen lis\u00e4ksi Lassi toimii meill\u00e4 my\u00f6s hyppykerhojen yhteyshenkil\u00f6n\u00e4 sek\u00e4 j\u00e4rjest\u00e4\u00e4 harrastajatapahtumiamme. Lassin omiin harrastuksiin kuuluu mm. laskuvarjohypp\u00e4\u00e4minen, kiipeily ja laskettelu. Lassi betj\u00e4nar er ocks\u00e5 p\u00e5 svenska. ANTTI Instructor Pitk\u00e4ll\u00e4 tunnelilentokokemuksella varustettu komistus joka toimii F\u00f6\u00f6nill\u00e4 my\u00f6s kouluttajien kouluttajana ja freestyle kerhon vet\u00e4j\u00e4n\u00e4. JUHO Instructor Laskuvarjohypp\u00e4\u00e4j\u00e4 sek\u00e4 tuulitunneliexpertti. Juho vastaa F\u00f6\u00f6nin tapahtumista joissa p\u00e4\u00e4see lentelem\u00e4\u00e4n niin vasta-alkajat kuin kokeneetkin lent\u00e4j\u00e4t. MATIAS Instructor \/ Reception Tulevaisuuden t\u00e4hti joka k\u00e4ynyt F\u00f6\u00f6nin oman koulun alusta asti ja matka jatkuu&#8230; MILANA INSTRUCTOR \/ RECEPTION Kouluttajana palanut Milana pirist\u00e4\u00e4 taas respana sek\u00e4 kouluttajana. F\u00f6\u00f6nin muu tiimi MISKA CEO Jokapaikan H\u00f6yl\u00e4n l\u00f6yd\u00e4t v\u00e4lill\u00e4 my\u00f6s baaritiskin takaa&#8230; Mauri Yritys- ja ryhm\u00e4myynti Mauri V\u00e4ist\u00f6 auttaa kaikissa tarpeissa mit\u00e4 vain tarvitsette ja kokit loihtii maistuvat illalliset teid\u00e4n toiveiden mukaan. Terhi Talous &amp; hallinto yrityksemme arvot: &#8211; yksil\u00f6n kunnioittaminen &#8211; asiakkaiden turvallisuus &#8211; palvelun luotettavuus&#8211; yhteiskuntavastuu<\/p>","protected":false},"author":1,"featured_media":0,"parent":21,"menu_order":4,"comment_status":"closed","ping_status":"closed","template":"elementor_header_footer","meta":{"_price":"","_stock":"","_tribe_ticket_header":"","_tribe_default_ticket_provider":"","_tribe_ticket_capacity":"0","_ticket_start_date":"","_ticket_end_date":"","_tribe_ticket_show_description":"","_tribe_ticket_show_not_going":false,"_tribe_ticket_use_global_stock":"","_tribe_ticket_global_stock_level":"","_global_stock_mode":"","_global_stock_cap":"","_tribe_rsvp_for_event":"","_tribe_ticket_going_count":"","_tribe_ticket_not_going_count":"","_tribe_tickets_list":"[]","_tribe_ticket_has_attendee_info_fields":false,"footnotes":""},"class_list":["post-27","page","type-page","status-publish","hentry"],"acf":[],"_links":{"self":[{"href":"https:\/\/www.xn--fni-snaa.fi\/en\/wp-json\/wp\/v2\/pages\/27","targetHints":{"allow":["GET"]}}],"collection":[{"href":"https:\/\/www.xn--fni-snaa.fi\/en\/wp-json\/wp\/v2\/pages"}],"about":[{"href":"https:\/\/www.xn--fni-snaa.fi\/en\/wp-json\/wp\/v2\/types\/page"}],"author":[{"embeddable":true,"href":"https:\/\/www.xn--fni-snaa.fi\/en\/wp-json\/wp\/v2\/users\/1"}],"replies":[{"embeddable":true,"href":"https:\/\/www.xn--fni-snaa.fi\/en\/wp-json\/wp\/v2\/comments?post=27"}],"version-history":[{"count":5,"href":"https:\/\/www.xn--fni-snaa.fi\/en\/wp-json\/wp\/v2\/pages\/27\/revisions"}],"predecessor-version":[{"id":7683,"href":"https:\/\/www.xn--fni-snaa.fi\/en\/wp-json\/wp\/v2\/pages\/27\/revisions\/7683"}],"up":[{"embeddable":true,"href":"https:\/\/www.xn--fni-snaa.fi\/en\/wp-json\/wp\/v2\/pages\/21"}],"wp:attachment":[{"href":"https:\/\/www.xn--fni-snaa.fi\/en\/wp-json\/wp\/v2\/media?parent=27"}],"curies":[{"name":"wp","href":"https:\/\/api.w.org\/{rel}","templated":true}]}}