{"id":3214,"date":"2022-03-11T17:06:06","date_gmt":"2022-03-11T15:06:06","guid":{"rendered":"http:\/\/www.xn--fni-snaa.fi\/?page_id=3214"},"modified":"2025-10-06T17:23:42","modified_gmt":"2025-10-06T14:23:42","slug":"tuulesta-tuulta","status":"publish","type":"page","link":"https:\/\/www.xn--fni-snaa.fi\/en\/tuulesta-tuulta\/","title":{"rendered":"Tuulesta tuulta!"},"content":{"rendered":"\t\t<div data-elementor-type=\"wp-page\" data-elementor-id=\"3214\" class=\"elementor elementor-3214\" data-elementor-post-type=\"page\">\n\t\t\t\t\t\t<section class=\"elementor-section elementor-top-section elementor-element elementor-element-b8a667b elementor-section-height-min-height elementor-section-items-stretch elementor-section-content-middle elementor-section-full_width elementor-section-height-default wpr-particle-no wpr-jarallax-no wpr-parallax-no wpr-sticky-section-no wpr-equal-height-no\" data-id=\"b8a667b\" data-element_type=\"section\" data-e-type=\"section\">\n\t\t\t\t\t\t<div class=\"elementor-container elementor-column-gap-default\">\n\t\t\t\t\t<div class=\"elementor-column elementor-col-50 elementor-top-column elementor-element elementor-element-8aff824\" data-id=\"8aff824\" data-element_type=\"column\" data-e-type=\"column\" data-settings=\"{&quot;background_background&quot;:&quot;slideshow&quot;,&quot;background_slideshow_gallery&quot;:[{&quot;id&quot;:608,&quot;url&quot;:&quot;http:\\\/\\\/www.xn--fni-snaa.fi\\\/staging\\\/wp-content\\\/uploads\\\/2020\\\/09\\\/karuselli-1-scaled.jpg&quot;},{&quot;id&quot;:3258,&quot;url&quot;:&quot;http:\\\/\\\/www.xn--fni-snaa.fi\\\/staging\\\/wp-content\\\/uploads\\\/2022\\\/03\\\/lumme-energia.jpg&quot;}],&quot;background_slideshow_slide_duration&quot;:2200,&quot;background_slideshow_slide_transition&quot;:&quot;slide_right&quot;,&quot;background_slideshow_transition_duration&quot;:750,&quot;background_slideshow_loop&quot;:&quot;yes&quot;}\">\n\t\t\t<div class=\"elementor-widget-wrap\">\n\t\t\t\t\t\t\t<\/div>\n\t\t<\/div>\n\t\t\t\t<div class=\"elementor-column elementor-col-50 elementor-top-column elementor-element elementor-element-2a494ec\" data-id=\"2a494ec\" data-element_type=\"column\" data-e-type=\"column\">\n\t\t\t<div class=\"elementor-widget-wrap elementor-element-populated\">\n\t\t\t\t\t\t<div class=\"elementor-element elementor-element-70065e3 elementor-widget elementor-widget-heading\" data-id=\"70065e3\" data-element_type=\"widget\" data-e-type=\"widget\" data-widget_type=\"heading.default\">\n\t\t\t\t<div class=\"elementor-widget-container\">\n\t\t\t\t\t<h1 class=\"elementor-heading-title elementor-size-default\">TUULESTA TUULTA<\/h1>\t\t\t\t<\/div>\n\t\t\t\t<\/div>\n\t\t\t\t<div class=\"elementor-element elementor-element-0821ec6 elementor-widget elementor-widget-text-editor\" data-id=\"0821ec6\" data-element_type=\"widget\" data-e-type=\"widget\" data-widget_type=\"text-editor.default\">\n\t\t\t\t<div class=\"elementor-widget-container\">\n\t\t\t\t\t\t\t\t\t<p>F\u00f6\u00f6ni puhaltaa <a href=\"https:\/\/www.lumme-energia.fi\/\" target=\"_blank\" rel=\"noopener\">Lumme-energian<\/a> tuottamalla tuulis\u00e4hk\u00f6ll\u00e4. <a href=\"https:\/\/www.sitra.fi\/caset\/puhdas-energia-tuulen-tuomaa\/\" target=\"_blank\" rel=\"noopener\">Sitran laskelmien mukaan<\/a> tuulis\u00e4hk\u00f6n k\u00e4ytt\u00f6 pienent\u00e4\u00e4 yksitt\u00e4isen henkil\u00f6n hiilijalanj\u00e4lke\u00e4 viisi prosenttia vuodessa. Jos miljoona suomalaista vaihtaisi tuulivoimaan, s\u00e4\u00e4styisi 53 000 henkil\u00f6n kokonaishiilijalanj\u00e4lki.<\/p>\t\t\t\t\t\t\t\t<\/div>\n\t\t\t\t<\/div>\n\t\t\t\t\t<\/div>\n\t\t<\/div>\n\t\t\t\t\t<\/div>\n\t\t<\/section>\n\t\t\t\t<section class=\"elementor-section elementor-top-section elementor-element elementor-element-2f604ac elementor-section-boxed elementor-section-height-default elementor-section-height-default wpr-particle-no wpr-jarallax-no wpr-parallax-no wpr-sticky-section-no wpr-equal-height-no\" data-id=\"2f604ac\" data-element_type=\"section\" data-e-type=\"section\" data-settings=\"{&quot;background_background&quot;:&quot;classic&quot;}\">\n\t\t\t\t\t\t<div class=\"elementor-container elementor-column-gap-default\">\n\t\t\t\t\t<div class=\"elementor-column elementor-col-50 elementor-top-column elementor-element elementor-element-307e7d4\" data-id=\"307e7d4\" data-element_type=\"column\" data-e-type=\"column\">\n\t\t\t<div class=\"elementor-widget-wrap elementor-element-populated\">\n\t\t\t\t\t\t<div class=\"elementor-element elementor-element-56da869 elementor-widget elementor-widget-heading\" data-id=\"56da869\" data-element_type=\"widget\" data-e-type=\"widget\" data-widget_type=\"heading.default\">\n\t\t\t\t<div class=\"elementor-widget-container\">\n\t\t\t\t\t<h1 class=\"elementor-heading-title elementor-size-default\">TUULIS\u00c4HK\u00d6\u00c4 LUMME-ENERGIALTA<\/h1>\t\t\t\t<\/div>\n\t\t\t\t<\/div>\n\t\t\t\t<div class=\"elementor-element elementor-element-bf1967b elementor-widget elementor-widget-text-editor\" data-id=\"bf1967b\" data-element_type=\"widget\" data-e-type=\"widget\" data-widget_type=\"text-editor.default\">\n\t\t\t\t<div class=\"elementor-widget-container\">\n\t\t\t\t\t\t\t\t\t<p>Tuulienergia on yksi puhtaimmista ja globaalisti nopeimmin kasvavista p\u00e4\u00e4st\u00f6tt\u00f6m\u00e4n energian tuotantomuodoista. Suomessakin tuulivoiman rakentaminen on vahvassa my\u00f6t\u00e4tuulessa, sill\u00e4 se v\u00e4hent\u00e4\u00e4 energiatuotannon CO2-p\u00e4\u00e4st\u00f6j\u00e4, on edullista ja tuo ty\u00f6paikkoja ja kiinteist\u00f6verotuloja kunnille.<\/p><p>\u00a0<\/p><p>&#8211; Olemme iloisia siit\u00e4, ett\u00e4 F\u00f6\u00f6ni valitsi k\u00e4ytt\u00f6\u00f6ns\u00e4 tuulis\u00e4hk\u00f6\u00e4. Tietysti se on hyvin luontevakin valinta, sill\u00e4 F\u00f6\u00f6ni ilman tuulis\u00e4hk\u00f6\u00e4 on kuin kes\u00e4 ilman k\u00e4rp\u00e4si\u00e4. El\u00e4myksi\u00e4 tarjoava F\u00f6\u00f6ni toimii innostavana esimerkkin\u00e4 viet\u00e4ess\u00e4 tuulienergian puhdasta ilosanomaa muillekin, iloitsee Jani P\u00e4\u00e4kk\u00f6nen Lumme Energialta.<\/p>\t\t\t\t\t\t\t\t<\/div>\n\t\t\t\t<\/div>\n\t\t\t\t\t<\/div>\n\t\t<\/div>\n\t\t\t\t<div class=\"elementor-column elementor-col-50 elementor-top-column elementor-element elementor-element-5edc445\" data-id=\"5edc445\" data-element_type=\"column\" data-e-type=\"column\">\n\t\t\t<div class=\"elementor-widget-wrap elementor-element-populated\">\n\t\t\t\t\t\t<div class=\"elementor-element elementor-element-499245f elementor-widget elementor-widget-image\" data-id=\"499245f\" data-element_type=\"widget\" data-e-type=\"widget\" data-widget_type=\"image.default\">\n\t\t\t\t<div class=\"elementor-widget-container\">\n\t\t\t\t\t\t\t\t\t\t\t\t\t\t\t<img loading=\"lazy\" decoding=\"async\" width=\"1024\" height=\"1024\" src=\"https:\/\/www.xn--fni-snaa.fi\/wp-content\/uploads\/2022\/03\/Ilmastoteko-Fooni-Sertifikaatti_1080x1080_FI-1024x1024.jpg\" class=\"attachment-large size-large wp-image-3263\" alt=\"\" srcset=\"https:\/\/www.xn--fni-snaa.fi\/wp-content\/uploads\/2022\/03\/Ilmastoteko-Fooni-Sertifikaatti_1080x1080_FI-1024x1024.jpg 1024w, https:\/\/www.xn--fni-snaa.fi\/wp-content\/uploads\/2022\/03\/Ilmastoteko-Fooni-Sertifikaatti_1080x1080_FI-300x300.jpg 300w, https:\/\/www.xn--fni-snaa.fi\/wp-content\/uploads\/2022\/03\/Ilmastoteko-Fooni-Sertifikaatti_1080x1080_FI-150x150.jpg 150w, https:\/\/www.xn--fni-snaa.fi\/wp-content\/uploads\/2022\/03\/Ilmastoteko-Fooni-Sertifikaatti_1080x1080_FI-768x768.jpg 768w, https:\/\/www.xn--fni-snaa.fi\/wp-content\/uploads\/2022\/03\/Ilmastoteko-Fooni-Sertifikaatti_1080x1080_FI-1536x1536.jpg 1536w, https:\/\/www.xn--fni-snaa.fi\/wp-content\/uploads\/2022\/03\/Ilmastoteko-Fooni-Sertifikaatti_1080x1080_FI-2048x2048.jpg 2048w\" sizes=\"auto, (max-width: 1024px) 100vw, 1024px\" \/>\t\t\t\t\t\t\t\t\t\t\t\t\t\t\t<\/div>\n\t\t\t\t<\/div>\n\t\t\t\t\t<\/div>\n\t\t<\/div>\n\t\t\t\t\t<\/div>\n\t\t<\/section>\n\t\t\t\t<\/div>\n\t\t","protected":false},"excerpt":{"rendered":"<p>TUULESTA TUULTA F\u00f6\u00f6ni puhaltaa Lumme-energian tuottamalla tuulis\u00e4hk\u00f6ll\u00e4. Sitran laskelmien mukaan tuulis\u00e4hk\u00f6n k\u00e4ytt\u00f6 pienent\u00e4\u00e4 yksitt\u00e4isen henkil\u00f6n hiilijalanj\u00e4lke\u00e4 viisi prosenttia vuodessa. Jos miljoona suomalaista vaihtaisi tuulivoimaan, s\u00e4\u00e4styisi 53 000 henkil\u00f6n kokonaishiilijalanj\u00e4lki. TUULIS\u00c4HK\u00d6\u00c4 LUMME-ENERGIALTA Tuulienergia on yksi puhtaimmista ja globaalisti nopeimmin kasvavista p\u00e4\u00e4st\u00f6tt\u00f6m\u00e4n energian tuotantomuodoista. Suomessakin tuulivoiman rakentaminen on vahvassa my\u00f6t\u00e4tuulessa, sill\u00e4 se v\u00e4hent\u00e4\u00e4 energiatuotannon CO2-p\u00e4\u00e4st\u00f6j\u00e4, on edullista ja tuo ty\u00f6paikkoja ja kiinteist\u00f6verotuloja kunnille. \u00a0 &#8211; Olemme iloisia siit\u00e4, ett\u00e4 F\u00f6\u00f6ni valitsi k\u00e4ytt\u00f6\u00f6ns\u00e4 tuulis\u00e4hk\u00f6\u00e4. Tietysti se on hyvin luontevakin valinta, sill\u00e4 F\u00f6\u00f6ni ilman tuulis\u00e4hk\u00f6\u00e4 on kuin kes\u00e4 ilman k\u00e4rp\u00e4si\u00e4. El\u00e4myksi\u00e4 tarjoava F\u00f6\u00f6ni toimii innostavana esimerkkin\u00e4 viet\u00e4ess\u00e4 tuulienergian puhdasta ilosanomaa muillekin, iloitsee Jani P\u00e4\u00e4kk\u00f6nen Lumme Energialta.<\/p>","protected":false},"author":1,"featured_media":0,"parent":0,"menu_order":0,"comment_status":"closed","ping_status":"closed","template":"elementor_header_footer","meta":{"_price":"","_stock":"","_tribe_ticket_header":"","_tribe_default_ticket_provider":"","_tribe_ticket_capacity":"0","_ticket_start_date":"","_ticket_end_date":"","_tribe_ticket_show_description":"","_tribe_ticket_show_not_going":false,"_tribe_ticket_use_global_stock":"","_tribe_ticket_global_stock_level":"","_global_stock_mode":"","_global_stock_cap":"","_tribe_rsvp_for_event":"","_tribe_ticket_going_count":"","_tribe_ticket_not_going_count":"","_tribe_tickets_list":"[]","_tribe_ticket_has_attendee_info_fields":false,"footnotes":""},"class_list":["post-3214","page","type-page","status-publish","hentry"],"acf":[],"_links":{"self":[{"href":"https:\/\/www.xn--fni-snaa.fi\/en\/wp-json\/wp\/v2\/pages\/3214","targetHints":{"allow":["GET"]}}],"collection":[{"href":"https:\/\/www.xn--fni-snaa.fi\/en\/wp-json\/wp\/v2\/pages"}],"about":[{"href":"https:\/\/www.xn--fni-snaa.fi\/en\/wp-json\/wp\/v2\/types\/page"}],"author":[{"embeddable":true,"href":"https:\/\/www.xn--fni-snaa.fi\/en\/wp-json\/wp\/v2\/users\/1"}],"replies":[{"embeddable":true,"href":"https:\/\/www.xn--fni-snaa.fi\/en\/wp-json\/wp\/v2\/comments?post=3214"}],"version-history":[{"count":0,"href":"https:\/\/www.xn--fni-snaa.fi\/en\/wp-json\/wp\/v2\/pages\/3214\/revisions"}],"wp:attachment":[{"href":"https:\/\/www.xn--fni-snaa.fi\/en\/wp-json\/wp\/v2\/media?parent=3214"}],"curies":[{"name":"wp","href":"https:\/\/api.w.org\/{rel}","templated":true}]}}